{"id":960,"date":"2018-08-09T14:41:58","date_gmt":"2018-08-09T12:41:58","guid":{"rendered":"http:\/\/badewanne.fi\/?page_id=960"},"modified":"2018-08-09T14:46:43","modified_gmt":"2018-08-09T12:46:43","slug":"national-geographic-documentary-nazi-sunken-sub-u-745-verschollen","status":"publish","type":"page","link":"http:\/\/badewanne.fi\/?page_id=960","title":{"rendered":"Nazi Sunken Sub \/ U-745 Verschollen"},"content":{"rendered":"<p>\u201cNazi Sunken Sub\u201d is a documentary we created in collaboration with Pipeline39 and <a href=\"http:\/\/www.nationalgeographic.com\" target=\"_blank\" rel=\"noopener\">National Geographic International<\/a>. It tells about the last phases of the submarine warfare on the Gulf of Finland and skirmishing between German submarines, U-boats, and Finnish mineship Louhi and the three wrecks that were the outcome. The wrecks of the German U-boats U-676 and U-745 are dived for the first time. Wreck of the mineship Louhi is located and dived and the true cause of the sinking of the Louhi is finally solved.<\/p>\n<p>The <a href=\"http:\/\/natgeotv.com.au\/tv\/nazi-sunken-sub\/\" target=\"_blank\" rel=\"noopener\">\u201cNazi Sunken Sub\u201d<\/a> show premiered on the <a href=\"http:\/\/natgeotv.com.au\/tv\/nazi-sunken-sub\/\" target=\"_blank\" rel=\"noopener\">National Geographic Channel<\/a> in the Scandinavian countries on Sunday, September 2nd, 2012. Other international territories are scheduled for the first week of the September. Program description: \u201cFor nearly seventy years the fate of the lost Nazi submarine U-745 remained a mystery. After a decade of painstaking research and exploration, a Finnish diving team has finally solved the riddle.\u201d<\/p>\n<p>\u201cNatsien uponnut sukellusvene\u201d-dokumentin Pohjoismaiden ensi-ilta oli sunnuntaina 2. syyskuuta National Geographic Channelilla. Ohjelmatiedot: \u201cNatsi-sukellusvene U-745 katosi mystisesti vuonna 1945. Sukeltajaryhm\u00e4 yritt\u00e4\u00e4 selvitt\u00e4\u00e4 It\u00e4meren syvyyksiss\u00e4 mit\u00e4 sille tapahtui.\u201d<\/p>\n<p>Dokumentti esitettiin Fox-kanavalla ke 2.1.2012:<\/p>\n<p>FOXdoc: \u201cIt\u00e4meren syvyyksiss\u00e4 \u2013 suomalaissukeltajat natsimysteerin j\u00e4ljill\u00e4:<\/p>\n<p>\u201cT\u00e4ss\u00e4 jaksossa suomalaiset sukeltajat l\u00f6yt\u00e4v\u00e4t saksalaisia, toisen maailmansodan aikaisia sukellusveneit\u00e4 ja selvitt\u00e4v\u00e4t niiden alkuper\u00e4\u00e4 sek\u00e4 kohtaloa.\u201d<\/p>\n<h3>ACKNOWLEDGEMENTS<\/h3>\n<p>Due to editorial reasons the final show did not contain the list of all parties that we wish to thank for helping in our research and exploration:<\/p>\n<p>\u00c5lands Landskapsarkiv, Merivoimat, Suomenlahden Meripuolustusalue, Saaristomeren Meripuolustusalue, Merivoimien tutkimuslaitos, Merivoimien Sukeltajakoulu, Kampela III, Kansallisarkisto, Sotamuseo, Museovirasto, Rajavartiolaitos\/Suomenlahden merivartiosto, Suomen Ymp\u00e4rist\u00f6keskus, Suunto Oy, Polarsafety Oy, Heliumizer.com, Luksia, Subzone Oy, Motion Oy, Woikoski, Boomeranger Oy, Yleisradio, MTV3, Nelonen, Helsingin Sanomat, Kansallinen Audiovisuaalinen Arkisto, PSK Kupla ry, Merenkulkulaitos, Meritaito, University of Helsinki\/Tv\u00e4rminne Zoological station, Forum Marinum, Miinamuseo, Eero Auvinen, Juhani Lievonen, Juha Joutsi, Ari Heinil\u00e4 and many, many more.<\/p>\n<p>Preview by National Geographic Norway:<\/p>\n<div class=\"epyt-video-wrapper\"><iframe loading=\"lazy\"  id=\"_ytid_25774\"  width=\"540\" height=\"304\"  data-origwidth=\"540\" data-origheight=\"304\" src=\"https:\/\/www.youtube.com\/embed\/MCd4FtgvETI?enablejsapi=1&autoplay=0&cc_load_policy=0&cc_lang_pref=&iv_load_policy=1&loop=0&rel=0&fs=1&playsinline=0&autohide=2&theme=dark&color=red&controls=1&\" class=\"__youtube_prefs__  no-lazyload\" title=\"YouTube player\"  allow=\"fullscreen; accelerometer; autoplay; clipboard-write; encrypted-media; gyroscope; picture-in-picture\" allowfullscreen data-no-lazy=\"1\" data-skipgform_ajax_framebjll=\"\"><\/iframe><\/div>\n<p>&nbsp;<\/p>\n","protected":false},"excerpt":{"rendered":"<p>\u201cNazi Sunken Sub\u201d is a documentary we created in collaboration with Pipeline39 and National Geographic International. It tells about the last phases of the submarine warfare on the Gulf of Finland and skirmishing between German submarines, U-boats, and Finnish mineship <a class=\"more-link\" href=\"http:\/\/badewanne.fi\/?page_id=960\">Read More &#8230;<\/a><\/p>\n","protected":false},"author":11,"featured_media":0,"parent":8,"menu_order":0,"comment_status":"closed","ping_status":"closed","template":"","meta":{"__cvm_playback_settings":[],"__cvm_video_id":"","footnotes":""},"class_list":["post-960","page","type-page","status-publish","hentry"],"_links":{"self":[{"href":"http:\/\/badewanne.fi\/index.php?rest_route=\/wp\/v2\/pages\/960","targetHints":{"allow":["GET"]}}],"collection":[{"href":"http:\/\/badewanne.fi\/index.php?rest_route=\/wp\/v2\/pages"}],"about":[{"href":"http:\/\/badewanne.fi\/index.php?rest_route=\/wp\/v2\/types\/page"}],"author":[{"embeddable":true,"href":"http:\/\/badewanne.fi\/index.php?rest_route=\/wp\/v2\/users\/11"}],"replies":[{"embeddable":true,"href":"http:\/\/badewanne.fi\/index.php?rest_route=%2Fwp%2Fv2%2Fcomments&post=960"}],"version-history":[{"count":4,"href":"http:\/\/badewanne.fi\/index.php?rest_route=\/wp\/v2\/pages\/960\/revisions"}],"predecessor-version":[{"id":966,"href":"http:\/\/badewanne.fi\/index.php?rest_route=\/wp\/v2\/pages\/960\/revisions\/966"}],"up":[{"embeddable":true,"href":"http:\/\/badewanne.fi\/index.php?rest_route=\/wp\/v2\/pages\/8"}],"wp:attachment":[{"href":"http:\/\/badewanne.fi\/index.php?rest_route=%2Fwp%2Fv2%2Fmedia&parent=960"}],"curies":[{"name":"wp","href":"https:\/\/api.w.org\/{rel}","templated":true}]}}